{"id":664,"date":"2025-06-16T11:33:01","date_gmt":"2025-06-16T09:33:01","guid":{"rendered":"https:\/\/www.menshen.de\/scrap-steel\/"},"modified":"2025-09-05T14:14:46","modified_gmt":"2025-09-05T12:14:46","slug":"scrap-steel","status":"publish","type":"page","link":"https:\/\/www.menshen.de\/en\/scrap-steel\/","title":{"rendered":"Scrap Steel"},"content":{"rendered":"<p>[et_pb_section fb_built=&#8221;1&#8243; _builder_version=&#8221;4.27.4&#8243; _module_preset=&#8221;default&#8221; custom_padding=&#8221;0px||100px||false|false&#8221; global_colors_info=&#8221;{}&#8221;][et_pb_row _builder_version=&#8221;4.27.4&#8243; _module_preset=&#8221;default&#8221; custom_padding=&#8221;0px||0px||true|false&#8221; global_colors_info=&#8221;{}&#8221;][et_pb_column type=&#8221;4_4&#8243; _builder_version=&#8221;4.27.4&#8243; _module_preset=&#8221;default&#8221; global_colors_info=&#8221;{}&#8221;][et_pb_slider show_arrows=&#8221;off&#8221; _builder_version=&#8221;4.27.4&#8243; _module_preset=&#8221;default&#8221; global_colors_info=&#8221;{}&#8221;][et_pb_slide _builder_version=&#8221;4.27.4&#8243; _module_preset=&#8221;default&#8221; background_image=&#8221;https:\/\/www.menshen.de\/wp-content\/uploads\/2025\/06\/Menshen_6743.jpg&#8221; background_enable_image=&#8221;on&#8221; global_colors_info=&#8221;{}&#8221; sticky_transition=&#8221;on&#8221;][\/et_pb_slide][et_pb_slide _builder_version=&#8221;4.27.4&#8243; _module_preset=&#8221;default&#8221; background_image=&#8221;https:\/\/www.menshen.de\/wp-content\/uploads\/2025\/06\/Menshen_6766.jpg&#8221; background_enable_image=&#8221;on&#8221; global_colors_info=&#8221;{}&#8221; sticky_transition=&#8221;on&#8221;][\/et_pb_slide][et_pb_slide _builder_version=&#8221;4.27.4&#8243; _module_preset=&#8221;default&#8221; background_image=&#8221;https:\/\/www.menshen.de\/wp-content\/uploads\/2025\/06\/Menshen_6724.jpg&#8221; background_enable_image=&#8221;on&#8221; global_colors_info=&#8221;{}&#8221; sticky_transition=&#8221;on&#8221;][\/et_pb_slide][et_pb_slide _builder_version=&#8221;4.27.4&#8243; _module_preset=&#8221;default&#8221; background_image=&#8221;https:\/\/www.menshen.de\/wp-content\/uploads\/2025\/06\/Menshen_6723.jpg&#8221; background_enable_image=&#8221;on&#8221; global_colors_info=&#8221;{}&#8221; sticky_transition=&#8221;on&#8221;][\/et_pb_slide][\/et_pb_slider][dipl_breadcrumb breadcrumb_layout=&#8221;layout2&#8243; _builder_version=&#8221;4.27.4&#8243; _module_preset=&#8221;default&#8221; global_colors_info=&#8221;{}&#8221;][\/dipl_breadcrumb][\/et_pb_column][\/et_pb_row][et_pb_row _builder_version=&#8221;4.27.4&#8243; _module_preset=&#8221;default&#8221; custom_padding=&#8221;0px||||false|false&#8221; global_colors_info=&#8221;{}&#8221;][et_pb_column type=&#8221;4_4&#8243; _builder_version=&#8221;4.27.4&#8243; _module_preset=&#8221;default&#8221; global_colors_info=&#8221;{}&#8221;][et_pb_text _builder_version=&#8221;4.27.4&#8243; _module_preset=&#8221;default&#8221; global_colors_info=&#8221;{}&#8221;]<\/p>\n<h2 class=\"element-header \">Scrap Steel<\/h2>\n<div class=\"col-md-6\">\n<div id=\"c74\" class=\"frame frame-default frame-type-text frame-background- frame-no-backgroundimage frame-space-before-none frame-space-after-none\">\n<div class=\"frame-container\">\n<div class=\"frame-inner\">\n<p>Scrap steel is inspected on receipt and then sorted, processed and arranged by type.<\/p>\n<p>We have a large shear 2,000 tonnes, as well as burner and magnet systems for processing.<\/p>\n<p>We purchase steel plants scrap and foundries scrap.<\/p>\n<\/div>\n<\/div>\n<\/div>\n<div id=\"c138\" class=\"frame frame-default frame-type-text frame-background- frame-no-backgroundimage frame-space-before-none frame-space-after-none\">\n<div class=\"frame-container\">\n<div class=\"frame-inner\">\n<p>Die unten stehende Stahlschrottsortenliste des Bundesvereinigung Deutscher Stahlrecycling- und Entsorgungsunternehmen e.V. k\u00f6nnen Sie hier herunterladen <a href=\"https:\/\/www.menshen.de\/fileadmin\/Downloads\/sortenliste_de.pdf\">Download<\/a><\/p>\n<\/div>\n<\/div>\n<\/div>\n<\/div>\n<p>[\/et_pb_text][\/et_pb_column][\/et_pb_row][et_pb_row _builder_version=&#8221;4.27.4&#8243; _module_preset=&#8221;default&#8221; custom_padding=&#8221;0px||0px||true|false&#8221; global_colors_info=&#8221;{}&#8221;][et_pb_column type=&#8221;4_4&#8243; _builder_version=&#8221;4.27.4&#8243; _module_preset=&#8221;default&#8221; global_colors_info=&#8221;{}&#8221;][et_pb_text _builder_version=&#8221;4.27.4&#8243; _module_preset=&#8221;default&#8221; global_colors_info=&#8221;{}&#8221;]<\/p>\n<h2 class=\"element-header \">Stahlschrottsortenliste<\/h2>\n<p>[\/et_pb_text][\/et_pb_column][\/et_pb_row][et_pb_row _builder_version=&#8221;4.27.4&#8243; _module_preset=&#8221;default&#8221; global_colors_info=&#8221;{}&#8221;][et_pb_column type=&#8221;4_4&#8243; _builder_version=&#8221;4.27.4&#8243; _module_preset=&#8221;default&#8221; global_colors_info=&#8221;{}&#8221;][et_pb_text _builder_version=&#8221;4.27.4&#8243; _module_preset=&#8221;default&#8221; global_colors_info=&#8221;{}&#8221;]<\/p>\n<table class=\"table\">\n<thead>\n<tr>\n<th>Sorten-Nr.<\/th>\n<th>Sortenbeschreibung<\/th>\n<\/tr>\n<\/thead>\n<tbody>\n<tr>\n<td>0<\/td>\n<td><strong>Stahlaltschrott<\/strong>,<br \/>der nicht unter die Definitionen der Sorten 1<br \/>und 3 f\u00e4llt, H\u00f6chstabmessungen:<br \/>1,50 x 0,50 x 0,50 m <\/td>\n<\/tr>\n<tr>\n<td>1<\/td>\n<td><strong>Stahlaltschrott<\/strong><br \/>mind. 4 mm St\u00e4rke,<br \/>H\u00f6chstabmessungen:<br \/>1,50 x 0,50 x 0,50 m  <\/td>\n<\/tr>\n<tr>\n<td>2<\/td>\n<td><strong>Stahlneuschrott<\/strong><br \/>mind. 3 mm St\u00e4rke,<br \/>H\u00f6chstabmessungen:<br \/>1,50 x 0,50 x 0,50 m  <\/td>\n<\/tr>\n<tr>\n<td>3<\/td>\n<td>\n<p><strong>Schwerer Stahlaltschrott<\/strong><br \/>mind. 6 mm St\u00e4rke,<br \/>H\u00f6chstabmessungen:<br \/>1,50 x 0,50 x 0,50 m <\/p>\n<\/td>\n<\/tr>\n<tr>\n<td>4<\/td>\n<td>\n<p><strong>Schredderstahlschrott<\/strong><br \/>frei von Stahlschrott aus der M\u00fcllverbrennung<br \/>oder -separation Sch\u00fcttgewicht (i.tr.):<br \/>mind.1,1 t\/m<sup>3<\/sup> <br \/>Fe-Gehalt metallisch: mind. 92%<\/p>\n<\/td>\n<\/tr>\n<tr>\n<td>5<\/td>\n<td>\n<p><strong>Stahlsp\u00e4ne<\/strong><br \/>frei von Guss- und Automatensp\u00e4nen<\/p>\n<\/td>\n<\/tr>\n<tr>\n<td>6<\/td>\n<td>\n<p><strong>Pakete<\/strong><br \/>aus neuem, leichten Stahlblechschrott<\/p>\n<\/td>\n<\/tr>\n<tr>\n<td>8<\/td>\n<td>\n<p><strong>Stahlneuschrott<\/strong><br \/>unter 3 mm St\u00e4rke,<br \/>H\u00f6chstabmessungen:<br \/>1,50 x 0,50 x 0,50<\/p>\n<\/td>\n<\/tr>\n<tr>\n<td>42<\/td>\n<td>\n<p><strong>Geschredderter oder durch \u00e4hnliche Verfahren aufbereiteter Stahlschrott aus <\/strong><strong>Stahlfeinblech-,<br \/>Stahlfeinstblech- und Wei\u00dfblechverpackungen aus dem <\/strong><strong>Kreislaufsystem Blechverpackungen Stahl (KBS)<\/strong><br \/>Sch\u00fcttgewicht (i.tr.): mind. 0,9\/m<sup>3<\/sup> <br \/>Korngr\u00f6\u00dfe: Obergrenze 50-70 mm<br \/>max. 5 Gew.-% &lt; 5 mm<br \/>Fe-Gehalt metallisch: mind. 92%<br \/>N\u00e4sse: gesonderte Vereinbarung  <\/p>\n<\/td>\n<\/tr>\n<tr>\n<td>46<\/td>\n<td>\n<p><strong>Geschredderter oder durch \u00e4hnliche Verfahren aufbereiteter Stahlschrott aus der <\/strong><strong>M\u00fcllverbrennung<\/strong><br \/>Sch\u00fcttgewicht (i.tr.). mind. 0,9 t\/m<sup>3<\/sup> <br \/>Korngr\u00f6\u00dfe: Obergrenze 50-70 mm<br \/>max. 5 Gew.-% &lt; 5 mm<br \/>Fe-Gehalt metallisch: mind. 92%<br \/>N\u00e4sse: gesonderte Vereinbarung   <\/p>\n<\/td>\n<\/tr>\n<tr>\n<td>47<\/td>\n<td>\n<p><strong>Geschredderter oder durch \u00e4hnliche Verfahren aufbereiteter Stahlschrott aus der <\/strong><strong>M\u00fcllseparation<\/strong><br \/>(getrenntes Recycling von Dosen),<br \/>Sch\u00fcttgewicht (i.tr.): mind. 0,9 t\/m<sup>3<\/sup> <br \/>Korngr\u00f6\u00dfe: Obergrenze 50-70 mm<br \/>max. 5 Gew.-% &lt; 5mm<br \/>Fe-Gehalt metallisch: mind. 92%<br \/>N\u00e4sse: gesonderte Vereinbarung  <\/p>\n<\/td>\n<\/tr>\n<tr>\n<td>71<\/td>\n<td>\n<p><strong>Wei\u00dfblechdosenschrott (vorverdichtet)<\/strong><br \/>mind. 93 % Wei\u00dfblechverpackungen; andere, f\u00fcr eine gleiche Verwertung geeignete<br \/>Fe-Anteile werden auf die Quote von 93% bis zu 5% angerechnet,<br \/>keine Vermischung mit Stahlschrott aus der M\u00fcllverbrennung,<br \/>weitestgehend frei von Beimischungen aus anderen Verpackungen mit Ausnahme<br \/>von Verpackungen aus Stahlfeinblech.<br \/>Zu Wei\u00dfblechverpackungen geh\u00f6ren auch deren (ordnungsgem\u00e4\u00dfe) Bestandteile.<br \/>Sch\u00fcttgewicht auf Waggon oder Lkw:<br \/>mind. 0,25 t\/m<sup>3<\/sup> <br \/>Pakete (Ballen) d\u00fcrfen ein max. Kantenma\u00df von 0,60 x 0,60 x 1,50 m nicht \u00fcberschreiten   <\/p>\n<\/td>\n<\/tr>\n<tr>\n<td>72<\/td>\n<td>\n<p><strong>Pakete aus Stahlfeinblech-, Stahlfeinstblech- und Wei\u00dfblechverpackungen aus<\/strong><br \/><strong>dem Kreislaufsystem Blechverpackungen Stahl (KBS)<\/strong><br \/>keine Vermischung mit Stahlschrott aus der M\u00fcllverbrennung,<br \/>frei von Beimischungen aus anderen Verpackungen.<br \/>Spezif. Paketgewicht: mind. 1,3 t\/m<sup>3<\/sup> <br \/>Sch\u00fcttgewicht auf Waggon oder Lkw:<br \/>mind. 0,4 t\/m<sup>3<\/sup><\/p>\n<\/td>\n<\/tr>\n<tr>\n<td>75<\/td>\n<td>\n<p><strong>Wei\u00dfblechdosenschrott (paketiert)<\/strong><br \/>aus durch von Schreddern oder \u00e4hnlichen Verfahren aufbereiteten, gebrauchten<br \/>Wei\u00dfblechverpackungen<br \/>Sch\u00fcttgewicht: mind. 1,6 t\/m<sup>3<\/sup> <br \/>Kantenma\u00df: max. 0,50 m x 0,50 m x 1,50 m<br \/>St\u00f6rstoffanteil: max. 2,5% durch Gl\u00fchversuch ermittelt<\/p>\n<\/td>\n<\/tr>\n<tr>\n<td>76<\/td>\n<td>\n<p><strong>Wei\u00dfblechdosenschrott (paketiert)<\/strong><br \/>mind. 93% Wei\u00dfblechverpackungen; andere, f\u00fcr eine gleiche Verwertung geeignete<br \/>Fe-Anteile werden auf die Quote von 93% bis zu 5% angerechnet, keine<br \/>Vermischung mit Stahlschrott aus der M\u00fcllverbrennung, weitestgehend frei von<br \/>Beimischungen aus anderen Verpackungen mit Ausnahme von Verpackungen aus<br \/>Stahlfeinblech.<br \/>Zu Wei\u00dfblechverpackungen geh\u00f6ren auch deren (ordnungsgem\u00e4\u00dfe) Bestandteile.<br \/>Spezif. Paketgewicht: mind. 1,3 t\/m<sup>3<\/sup> <br \/>Sch\u00fcttgewicht auf Waggon oder Lkw: mind. 0,4 t\/m<sup>3<\/sup> <br \/>Pakete d\u00fcrfen ein max. Kantenma\u00df von<br \/>0,60 x 0,60 x 1,50 m nicht \u00fcberschreiten.<\/p>\n<\/td>\n<\/tr>\n<tr>\n<td>79<\/td>\n<td>\n<p><strong>Stahlschrott aus der M\u00fcllverbrennung<\/strong><br \/>frei von Elektroaggregaten und Cu-Tr\u00e4gern,<br \/>Sch\u00fcttgewicht: mind. 0,4 t\/m<sup>3<\/sup> <br \/>Korngr\u00f6\u00dfe: max. 1500 mm<br \/>max. 5 Gew.-% &lt; 5 mm<br \/>Fe-Gehalt metallisch: mind. 85%<\/p>\n<\/td>\n<\/tr>\n<\/tbody>\n<\/table>\n<p>[\/et_pb_text][\/et_pb_column][\/et_pb_row][\/et_pb_section][et_pb_section fb_built=&#8221;1&#8243; _builder_version=&#8221;4.27.4&#8243; _module_preset=&#8221;default&#8221; background_color=&#8221;#f8f8f8&#8243; global_colors_info=&#8221;{}&#8221;][et_pb_row _builder_version=&#8221;4.27.4&#8243; _module_preset=&#8221;default&#8221; custom_padding=&#8221;0px||0px||true|false&#8221; global_colors_info=&#8221;{}&#8221;][et_pb_column type=&#8221;4_4&#8243; _builder_version=&#8221;4.27.4&#8243; _module_preset=&#8221;default&#8221; global_colors_info=&#8221;{}&#8221;][et_pb_text _builder_version=&#8221;4.27.4&#8243; _module_preset=&#8221;default&#8221; global_colors_info=&#8221;{}&#8221;]<\/p>\n<p><strong>Contact person:<\/strong><\/p>\n<p>[\/et_pb_text][\/et_pb_column][\/et_pb_row][et_pb_row column_structure=&#8221;1_3,1_3,1_3&#8243; _builder_version=&#8221;4.27.4&#8243; _module_preset=&#8221;default&#8221; global_colors_info=&#8221;{}&#8221;][et_pb_column type=&#8221;1_3&#8243; _builder_version=&#8221;4.27.4&#8243; _module_preset=&#8221;default&#8221; global_colors_info=&#8221;{}&#8221;][et_pb_team_member name=&#8221;Lutz Menshen&#8221; position=&#8221;Managing Director&#8221; image_url=&#8221;https:\/\/www.menshen.de\/wp-content\/uploads\/2025\/06\/Menshen_6542.jpg&#8221; _builder_version=&#8221;4.27.4&#8243; _module_preset=&#8221;default&#8221; global_module=&#8221;321&#8243; global_colors_info=&#8221;{}&#8221;]<\/p>\n<p>Tel: +49 2392 9296-0<\/p>\n<p>[\/et_pb_team_member][\/et_pb_column][et_pb_column type=&#8221;1_3&#8243; _builder_version=&#8221;4.27.4&#8243; _module_preset=&#8221;default&#8221; global_colors_info=&#8221;{}&#8221;][et_pb_team_member name=&#8221;Steffen Geisweid&#8221; position=&#8221;Steel and foundry scrap&lt;br&gt;purchasing \/ sales&lt;br&gt;Tel: +49 2392 9296-18&#8243; image_url=&#8221;https:\/\/www.menshen.de\/wp-content\/uploads\/2025\/09\/geisweid.jpg&#8221; _builder_version=&#8221;4.27.4&#8243; _module_preset=&#8221;default&#8221; width=&#8221;50%&#8221; hover_enabled=&#8221;0&#8243; global_module=&#8221;327&#8243; saved_tabs=&#8221;all&#8221; global_colors_info=&#8221;{}&#8221; title_text=&#8221;geisweid&#8221; sticky_enabled=&#8221;0&#8243;]<\/p>\n<p>Tel: +49 2392 9296-18<\/p>\n<p>[\/et_pb_team_member][\/et_pb_column][et_pb_column type=&#8221;1_3&#8243; _builder_version=&#8221;4.27.4&#8243; _module_preset=&#8221;default&#8221; global_colors_info=&#8221;{}&#8221;][et_pb_text _builder_version=&#8221;4.27.4&#8243; _module_preset=&#8221;default&#8221; global_colors_info=&#8221;{}&#8221;]<\/p>\n<div class=\"row\">\n<div class=\"col-xs-12\" style=\"height: auto;\">\n<div id=\"c77\" class=\"frame frame-default frame-type-text frame-background- frame-no-backgroundimage frame-space-before-none frame-space-after-none\">\n<div class=\"frame-container\">\n<div class=\"frame-inner\">\n<p>Do you have a specific question? <br \/>Simply use our form.<\/p>\n<\/div>\n<\/div>\n<\/div>\n<\/div>\n<\/div>\n<p>[\/et_pb_text][et_pb_button button_text=&#8221;Request form&#8221; _builder_version=&#8221;4.27.4&#8243; _module_preset=&#8221;default&#8221; custom_button=&#8221;on&#8221; button_use_icon=&#8221;off&#8221; global_colors_info=&#8221;{}&#8221; button_bg_color__hover_enabled=&#8221;on|hover&#8221; button_bg_color__hover=&#8221;rgba(0,0,0,0.55)&#8221; button_bg_enable_color__hover=&#8221;on&#8221;][\/et_pb_button][\/et_pb_column][\/et_pb_row][\/et_pb_section]<\/p>\n","protected":false},"excerpt":{"rendered":"<p><div class=\"et_pb_module dipl_breadcrumb dipl_breadcrumb_0\">\n\t\t\t\t\n\t\t\t\t\n\t\t\t\t\n\t\t\t\t\n\t\t\t\t\n\t\t\t\t\n\t\t\t\t<div class=\"et_pb_module_inner\">\n\t\t\t\t\t<div class=\"dipl-breadcrumb-wrapper layout2\">\n\t\t\t\t<ol class=\"dipl-breadcrumb-inner\" vocab=\"https:\/\/schema.org\/\" typeof=\"BreadcrumbList\">\n\t\t\t\t\t<li property=\"itemListElement\" typeof=\"ListItem\" data-icon=\"&#x24;\">\n\t\t\t\t\t\t\t\t<a class=\"breadcrumb-item dipl-home-page\" href=\"https:\/\/www.menshen.de\/en\/\" property=\"item\" typeof=\"WebPage\" >\n\t\t\t\t\t\t\t\t\t<span class=\"breadcrumb-page\" property=\"name\">Home<\/span>\n\t\t\t\t\t\t\t\t<\/a>\n\t\t\t\t\t\t\t\t<meta property=\"position\" content=\"1\" \/>\n\t\t\t\t\t\t\t<\/li>\n\t\t\t\t<\/ol>\n\t\t\t<\/div>\n\t\t\t\t<\/div>\n\t\t\t<\/div>Scrap Steel Scrap steel is inspected on receipt and then sorted, processed and arranged by type. We have a large shear 2,000 tonnes, as well as burner and magnet systems for processing. We purchase steel plants scrap and foundries scrap. Die unten stehende Stahlschrottsortenliste des Bundesvereinigung Deutscher Stahlrecycling- und Entsorgungsunternehmen e.V. [&hellip;]<\/p>\n","protected":false},"author":1,"featured_media":0,"parent":0,"menu_order":0,"comment_status":"closed","ping_status":"closed","template":"","meta":{"_et_pb_use_builder":"on","_et_pb_old_content":"","_et_gb_content_width":"","footnotes":""},"class_list":["post-664","page","type-page","status-publish","hentry"],"_links":{"self":[{"href":"https:\/\/www.menshen.de\/en\/wp-json\/wp\/v2\/pages\/664","targetHints":{"allow":["GET"]}}],"collection":[{"href":"https:\/\/www.menshen.de\/en\/wp-json\/wp\/v2\/pages"}],"about":[{"href":"https:\/\/www.menshen.de\/en\/wp-json\/wp\/v2\/types\/page"}],"author":[{"embeddable":true,"href":"https:\/\/www.menshen.de\/en\/wp-json\/wp\/v2\/users\/1"}],"replies":[{"embeddable":true,"href":"https:\/\/www.menshen.de\/en\/wp-json\/wp\/v2\/comments?post=664"}],"version-history":[{"count":8,"href":"https:\/\/www.menshen.de\/en\/wp-json\/wp\/v2\/pages\/664\/revisions"}],"predecessor-version":[{"id":915,"href":"https:\/\/www.menshen.de\/en\/wp-json\/wp\/v2\/pages\/664\/revisions\/915"}],"wp:attachment":[{"href":"https:\/\/www.menshen.de\/en\/wp-json\/wp\/v2\/media?parent=664"}],"curies":[{"name":"wp","href":"https:\/\/api.w.org\/{rel}","templated":true}]}}